{"id":4697,"date":"2024-01-11T15:51:21","date_gmt":"2024-01-11T15:51:21","guid":{"rendered":"https:\/\/pan-afrique.org\/wps\/?page_id=4697"},"modified":"2024-01-11T15:51:21","modified_gmt":"2024-01-11T15:51:21","slug":"press-release-2","status":"publish","type":"page","link":"https:\/\/pan-afrique.org\/wps\/press-release-2\/","title":{"rendered":"Press release"},"content":{"rendered":"\n<p><div class=\"message-box-wrapper red\"><div class=\"message-box-title\">Bromure de m\u00e9thyle Lutte Int\u00e9gr\u00e9e Pesticides au Mali Pesticides au B\u00e9nin<\/div><div class=\"message-box-content\"><p>Pesticides au Cameroun &#8211; PRIX : 4 000 Fcfa Epuis\u00e9 <br \/>Pesticides au S\u00e9n\u00e9gal &#8211; PRIX : 3 000 Fcfa Disponible <br \/>Pesticides au Mali  &#8211; PRIX : 3 000 Fcfa Disponible <br \/> Le G\u00e9nie g\u00e9n\u00e9tique en agriculture  Disponible<\/p>\n<\/div><\/div><\/p>\n\n\n\n<p><div class=\"message-box-wrapper blue\"><div class=\"message-box-title\">R\u00e9glementation des pesticides dangereux<\/div><div class=\"message-box-content\"><p>R\u00e9glementation des pesticides dangereux au Cameroun &#8211;  PRIX : 3 000 Fcfa &#8211; Epuis\u00e9 <br \/>R\u00e9glementation des pesticides dangereux au B\u00e9nin &#8211;  PRIX : 3 000 Fcfa &#8211; Epuis\u00e9<br \/>R\u00e9glementation des pesticides dangereux au S\u00e9n\u00e9gal &#8211; PRIX : 3 000 Fcfa &#8211; Epuis\u00e9<br \/>R\u00e9glementation des pesticides dangereux en Ouganda &#8211; PRIX : 3 000 Fcfa &#8211; Epuis\u00e9<\/p>\n<\/div><\/div><\/p>\n\n\n\n<p><div class=\"message-box-wrapper green\"><div class=\"message-box-title\">S\u00e9ries <\/div><div class=\"message-box-content\"><p>S\u00e9rie N\u00b01 S\u00e9rie N\u00b02 S\u00e9rie N\u00b03 S\u00e9rie N\u00b04 <\/p>\n<\/div><\/div><br><br><\/p>\n\n\n\n<p>  <br><br>  <\/p>\n\n\n\n<p><\/p>\n\n\n\n<p><br><br><\/p>\n\n\n\n<p><br><br><\/p>\n","protected":false},"excerpt":{"rendered":"","protected":false},"author":1,"featured_media":0,"parent":0,"menu_order":0,"comment_status":"closed","ping_status":"closed","template":"","meta":{"footnotes":""},"class_list":["post-4697","page","type-page","status-publish","hentry"],"_links":{"self":[{"href":"https:\/\/pan-afrique.org\/wps\/wp-json\/wp\/v2\/pages\/4697","targetHints":{"allow":["GET"]}}],"collection":[{"href":"https:\/\/pan-afrique.org\/wps\/wp-json\/wp\/v2\/pages"}],"about":[{"href":"https:\/\/pan-afrique.org\/wps\/wp-json\/wp\/v2\/types\/page"}],"author":[{"embeddable":true,"href":"https:\/\/pan-afrique.org\/wps\/wp-json\/wp\/v2\/users\/1"}],"replies":[{"embeddable":true,"href":"https:\/\/pan-afrique.org\/wps\/wp-json\/wp\/v2\/comments?post=4697"}],"version-history":[{"count":0,"href":"https:\/\/pan-afrique.org\/wps\/wp-json\/wp\/v2\/pages\/4697\/revisions"}],"wp:attachment":[{"href":"https:\/\/pan-afrique.org\/wps\/wp-json\/wp\/v2\/media?parent=4697"}],"curies":[{"name":"wp","href":"https:\/\/api.w.org\/{rel}","templated":true}]}}